{"id":100,"date":"2024-04-05T11:00:16","date_gmt":"2024-04-05T09:00:16","guid":{"rendered":"https:\/\/bildungsrechte.de\/anwalt\/?page_id=100"},"modified":"2024-04-05T11:00:51","modified_gmt":"2024-04-05T09:00:51","slug":"impressum","status":"publish","type":"page","link":"https:\/\/bildungsrechte.de\/anwalt\/impressum\/","title":{"rendered":"Impressum"},"content":{"rendered":"<div>\n<h1>Impressum<\/h1>\n<h2>Angaben gem\u00e4\u00df \u00a7 5 TMG<\/h2>\n<p>Peter Weber<br \/>\nRechtsanwaltskanzlei Weber<br \/>\nPeter Weber<br \/>\nSchmid-Ballauf-Weg 3<br \/>\n80997 M\u00fcnchen<\/p>\n<h2>Kontakt<\/h2>\n<p>Telefon: 089 21527072<br \/>\nTelefax: 089 99950628<br \/>\nE-Mail: info@bildungsrechte.de<\/p>\n<h2>Umsatzsteuer-ID<\/h2>\n<p>Umsatzsteuer-Identifikationsnummer gem\u00e4\u00df \u00a7 27 a Umsatzsteuergesetz:<br \/>\nDE353791107<\/p>\n<h2>Aufsichtsbeh\u00f6rde<\/h2>\n<p>Rechtsanwaltskammer M\u00fcnchen<br \/>\nRechtsanwaltskammer M\u00fcnchen<br \/>\nTal 33<br \/>\n80331 M\u00fcnchen<\/p>\n<p>https:\/\/www.rak-muenchen.de\/<\/p>\n<h2>Berufsbezeichnung und berufsrechtliche Regelungen<\/h2>\n<p>Berufsbezeichnung:<br \/>\nRechtsanwalt<\/p>\n<p>Zust\u00e4ndige Kammer:<br \/>\nRechtsanwaltskammer M\u00fcnchen<br \/>\nTal 33<br \/>\n80331 M\u00fcnchen<\/p>\n<p>Verliehen in:<br \/>\nBundesrepublik Deutschland<\/p>\n<p>Es gelten folgende berufsrechtliche Regelungen:<\/p>\n<p>BRAO<br \/>\neinsehbar unter:\u00a0https:\/\/www.gesetze-im-internet.de\/brao\/index.html<\/p>\n<p>BORA<br \/>\neinsehbar unter:\u00a0https:\/\/dejure.org\/gesetze\/BORA<\/p>\n<p>FAO<br \/>\neinsehbar unter:\u00a0https:\/\/lxgesetze.de\/fao\/<\/p>\n<p>EuRAG<br \/>\neinsehbar unter:\u00a0https:\/\/www.gesetze-im-internet.de\/eurag\/index.html<\/p>\n<p>CCBE<br \/>\neinsehbar unter:\u00a0https:\/\/www.brak.de\/fileadmin\/02_fuer_anwaelte\/Berufsregeln_Mai%202006_090615.pdf<\/p>\n<h2>Angaben zur Berufs\u00adhaftpflicht\u00adversicherung<\/h2>\n<p><strong>Name und Sitz des Versicherers:<\/strong><br \/>\nR+V Allgemeine Versicherung AG<br \/>\nRaiffeisenplatz 1<br \/>\n65189 Wiesbaden<br \/>\nTelefon: 0611 533-0<br \/>\nFax: 0611 533-4500<br \/>\nE-Mail: ruv@ruv.de<\/p>\n<p><strong>Geltungsraum der Versicherung:<\/strong><br \/>\nBundesrepublik Deutschland<\/p>\n<h2>EU-Streitschlichtung<\/h2>\n<p>Die Europ\u00e4ische Kommission stellt eine Plattform zur Online-Streitbeilegung (OS) bereit:\u00a0https:\/\/ec.europa.eu\/consumers\/odr\/.<br \/>\nUnsere E-Mail-Adresse finden Sie oben im Impressum.<\/p>\n<h2>Verbraucher\u00adstreit\u00adbeilegung\/Universal\u00adschlichtungs\u00adstelle<\/h2>\n<p>Wir sind nicht bereit oder verpflichtet, an Streitbeilegungsverfahren vor einer Verbraucherschlichtungsstelle teilzunehmen.<\/p>\n<\/div>\n<p>&nbsp;<\/p>\n<div data-id=\"315b774\" data-element_type=\"widget\" data-widget_type=\"heading.default\">\n<div>\n<h2>Urheberrecht f\u00fcr verwendete Grafiken<\/h2>\n<div data-id=\"72db766\" data-element_type=\"widget\" data-widget_type=\"spacer.default\">\n<div>\n<p>Das Urheberrecht der verwendeten Grafiken liegt beim jeweiligen Urheber.<\/p>\n<p>Im Einzelnen:<br \/>\nVerwendete Vektorgrafiken:\u00a0Vektorjuice\u00a0auf Freepik<\/p>\n<\/div>\n<\/div>\n<\/div>\n<\/div>\n","protected":false},"excerpt":{"rendered":"<p>Impressum Angaben gem\u00e4\u00df \u00a7 5 TMG Peter Weber Rechtsanwaltskanzlei Weber Peter Weber Schmid-Ballauf-Weg 3 80997 M\u00fcnchen Kontakt Telefon: 089 21527072 Telefax: 089 99950628 E-Mail: info@bildungsrechte.de Umsatzsteuer-ID Umsatzsteuer-Identifikationsnummer gem\u00e4\u00df \u00a7 27 a Umsatzsteuergesetz: DE353791107 Aufsichtsbeh\u00f6rde Rechtsanwaltskammer M\u00fcnchen Rechtsanwaltskammer M\u00fcnchen Tal 33 80331 M\u00fcnchen https:\/\/www.rak-muenchen.de\/ Berufsbezeichnung und berufsrechtliche Regelungen Berufsbezeichnung: Rechtsanwalt Zust\u00e4ndige Kammer: Rechtsanwaltskammer M\u00fcnchen Tal 33&hellip;&nbsp;<a href=\"https:\/\/bildungsrechte.de\/anwalt\/impressum\/\" rel=\"bookmark\">Mehr lesen &raquo;<span class=\"screen-reader-text\">Impressum<\/span><\/a><\/p>\n","protected":false},"author":1,"featured_media":0,"parent":0,"menu_order":0,"comment_status":"closed","ping_status":"closed","template":"","meta":{"neve_meta_sidebar":"","neve_meta_container":"","neve_meta_enable_content_width":"off","neve_meta_content_width":100,"neve_meta_title_alignment":"","neve_meta_author_avatar":"","neve_post_elements_order":"","neve_meta_disable_header":"","neve_meta_disable_footer":"","neve_meta_disable_title":"","neve_meta_reading_time":"","footnotes":""},"class_list":["post-100","page","type-page","status-publish","hentry"],"aioseo_notices":[],"_links":{"self":[{"href":"https:\/\/bildungsrechte.de\/anwalt\/wp-json\/wp\/v2\/pages\/100","targetHints":{"allow":["GET"]}}],"collection":[{"href":"https:\/\/bildungsrechte.de\/anwalt\/wp-json\/wp\/v2\/pages"}],"about":[{"href":"https:\/\/bildungsrechte.de\/anwalt\/wp-json\/wp\/v2\/types\/page"}],"author":[{"embeddable":true,"href":"https:\/\/bildungsrechte.de\/anwalt\/wp-json\/wp\/v2\/users\/1"}],"replies":[{"embeddable":true,"href":"https:\/\/bildungsrechte.de\/anwalt\/wp-json\/wp\/v2\/comments?post=100"}],"version-history":[{"count":0,"href":"https:\/\/bildungsrechte.de\/anwalt\/wp-json\/wp\/v2\/pages\/100\/revisions"}],"wp:attachment":[{"href":"https:\/\/bildungsrechte.de\/anwalt\/wp-json\/wp\/v2\/media?parent=100"}],"curies":[{"name":"wp","href":"https:\/\/api.w.org\/{rel}","templated":true}]}}